{"id":3,"date":"2025-04-30T04:59:47","date_gmt":"2025-04-30T04:59:47","guid":{"rendered":"https:\/\/xmindsolutions.com\/?page_id=3"},"modified":"2025-11-17T21:15:12","modified_gmt":"2025-11-17T18:15:12","slug":"privacy-policy","status":"publish","type":"page","link":"https:\/\/xmindsolutions.com\/en_us\/privacy-policy\/","title":{"rendered":"Privacy Policy"},"content":{"rendered":"\t\t<div data-elementor-type=\"wp-page\" data-elementor-id=\"3\" class=\"elementor elementor-3\" data-elementor-post-type=\"page\">\n\t\t\t\t<div class=\"elementor-element elementor-element-225ce430 e-flex e-con-boxed e-con e-parent\" data-id=\"225ce430\" data-element_type=\"container\" data-e-type=\"container\">\n\t\t\t\t\t<div class=\"e-con-inner\">\n\t\t\t\t<div class=\"elementor-element elementor-element-711585d9 elementor-widget elementor-widget-text-editor\" data-id=\"711585d9\" data-element_type=\"widget\" data-e-type=\"widget\" data-widget_type=\"text-editor.default\">\n\t\t\t\t<div class=\"elementor-widget-container\">\n\t\t\t\t\t\t\t\t\t<h1 data-start=\"228\" data-end=\"281\">\ud83d\udee1\ufe0f <strong data-start=\"234\" data-end=\"281\">X Mind Solutions \u2013 Gizlilik Politikas\u0131<\/strong><\/h1>\n<p data-start=\"283\" data-end=\"353\"><strong data-start=\"319\" data-end=\"334\">Web Sitesi:<\/strong> xmindsolutions.com<\/p>\n<p data-start=\"355\" data-end=\"656\">X Mind Solutions Yaz\u0131l\u0131m ve Dan\u0131\u015fmanl\u0131k A.\u015e. (\u201c<strong data-start=\"402\" data-end=\"422\">X Mind Solutions<\/strong>\u201d, \u201c<strong data-start=\"426\" data-end=\"436\">\u015eirket<\/strong>\u201d, \u201c<strong data-start=\"440\" data-end=\"447\">biz<\/strong>\u201d) olarak ki\u015fisel verilerinizi korumaya b\u00fcy\u00fck \u00f6nem veriyoruz. Bu Gizlilik Politikas\u0131, web sitemizi ziyaret etti\u011finizde hangi bilgileri toplad\u0131\u011f\u0131m\u0131z\u0131, bunlar\u0131 nas\u0131l kulland\u0131\u011f\u0131m\u0131z\u0131 ve haklar\u0131n\u0131z\u0131 a\u00e7\u0131klamaktad\u0131r.<\/p>\n<h2 data-start=\"658\" data-end=\"680\">1. Toplanan Veriler<\/h2>\n<p data-start=\"681\" data-end=\"774\">Web sitemizi ziyaret etti\u011finizde a\u015fa\u011f\u0131daki t\u00fcrde s\u0131n\u0131rl\u0131 veriler otomatik olarak i\u015flenebilir:<\/p>\n<ul data-start=\"776\" data-end=\"901\">\n<li data-start=\"776\" data-end=\"789\">\n<p data-start=\"778\" data-end=\"789\">IP adresi<\/p>\n<\/li>\n<li data-start=\"790\" data-end=\"812\">\n<p data-start=\"792\" data-end=\"812\">Taray\u0131c\u0131 bilgileri<\/p>\n<\/li>\n<li data-start=\"813\" data-end=\"831\">\n<p data-start=\"815\" data-end=\"831\">\u00c7erez verileri<\/p>\n<\/li>\n<li data-start=\"832\" data-end=\"901\">\n<p data-start=\"834\" data-end=\"901\">Ziyaret edilen sayfalar, trafik verileri, kullan\u0131m istatistikleri<\/p>\n<\/li>\n<\/ul>\n<p data-start=\"903\" data-end=\"949\">\u0130leti\u015fim formunu kullanman\u0131z halinde ayr\u0131ca:<\/p>\n<ul data-start=\"950\" data-end=\"1021\">\n<li data-start=\"950\" data-end=\"963\">\n<p data-start=\"952\" data-end=\"963\">Ad, soyad<\/p>\n<\/li>\n<li data-start=\"964\" data-end=\"982\">\n<p data-start=\"966\" data-end=\"982\">E-posta adresi<\/p>\n<\/li>\n<li data-start=\"983\" data-end=\"1003\">\n<p data-start=\"985\" data-end=\"1003\">Telefon numaras\u0131<\/p>\n<\/li>\n<li data-start=\"1004\" data-end=\"1021\">\n<p data-start=\"1006\" data-end=\"1021\">Mesaj i\u00e7eri\u011fi<\/p>\n<\/li>\n<\/ul>\n<p data-start=\"1023\" data-end=\"1050\">taraf\u0131n\u0131zdan bize iletilir.<\/p>\n<h2 data-start=\"1052\" data-end=\"1085\">2. Verilerin Kullan\u0131m Ama\u00e7lar\u0131<\/h2>\n<p data-start=\"1086\" data-end=\"1131\">Toplanan veriler \u015fu ama\u00e7larla kullan\u0131labilir:<\/p>\n<ul data-start=\"1133\" data-end=\"1313\">\n<li data-start=\"1133\" data-end=\"1179\">\n<p data-start=\"1135\" data-end=\"1179\">Web sitesinin \u00e7al\u0131\u015fmas\u0131 ve iyile\u015ftirilmesi<\/p>\n<\/li>\n<li data-start=\"1180\" data-end=\"1230\">\n<p data-start=\"1182\" data-end=\"1230\">Hizmetler hakk\u0131nda sizinle ileti\u015fime ge\u00e7ilmesi<\/p>\n<\/li>\n<li data-start=\"1231\" data-end=\"1262\">\n<p data-start=\"1233\" data-end=\"1262\">Taleplerinizin kar\u015f\u0131lanmas\u0131<\/p>\n<\/li>\n<li data-start=\"1263\" data-end=\"1313\">\n<p data-start=\"1265\" data-end=\"1313\">G\u00fcvenlik, hata ay\u0131klama ve \u00f6l\u00e7\u00fcmleme s\u00fcre\u00e7leri<\/p>\n<\/li>\n<\/ul>\n<p data-start=\"1315\" data-end=\"1433\">Kesinlikle <strong data-start=\"1326\" data-end=\"1353\">hukuka ayk\u0131r\u0131 ama\u00e7larla<\/strong>, <strong data-start=\"1355\" data-end=\"1376\">izinsiz pazarlama<\/strong> veya <strong data-start=\"1382\" data-end=\"1411\">otomatik profil olu\u015fturma<\/strong> amac\u0131yla kullan\u0131lmaz.<\/p>\n<h2 data-start=\"1435\" data-end=\"1459\">3. \u00c7erezler (Cookies)<\/h2>\n<p data-start=\"1460\" data-end=\"1620\">Sitemiz; performans takibi, analiz ve temel site fonksiyonlar\u0131 i\u00e7in \u00e7erezler kullanabilir. \u00c7erez ayarlar\u0131n\u0131z\u0131 taray\u0131c\u0131n\u0131zdaki se\u00e7eneklerden de\u011fi\u015ftirebilirsiniz.<\/p>\n<h2 data-start=\"1622\" data-end=\"1665\">4. Verilerin \u00dc\u00e7\u00fcnc\u00fc Taraflarla Payla\u015f\u0131m\u0131<\/h2>\n<p data-start=\"1666\" data-end=\"1896\">Ki\u015fisel verileriniz kanunen zorunlu haller d\u0131\u015f\u0131nda \u00fc\u00e7\u00fcnc\u00fc taraflarla payla\u015f\u0131lmaz.<br data-start=\"1747\" data-end=\"1750\">Teknik altyap\u0131, bar\u0131nd\u0131rma ve analiz hizmetleri i\u00e7in \u00e7al\u0131\u015ft\u0131\u011f\u0131m\u0131z servis sa\u011flay\u0131c\u0131lar verilerinize s\u0131n\u0131rl\u0131 ve s\u00f6zle\u015fmeye ba\u011fl\u0131 \u015fekilde eri\u015febilir.<\/p>\n<h2 data-start=\"1898\" data-end=\"1923\">5. Veri Saklama S\u00fcresi<\/h2>\n<p data-start=\"1924\" data-end=\"2053\">Ki\u015fisel veriler yaln\u0131zca ilgili mevzuat kapsam\u0131ndaki zorunlu s\u00fcreler boyunca veya i\u015fleme amac\u0131 ortadan kalk\u0131ncaya kadar saklan\u0131r.<\/p>\n<h2 data-start=\"2055\" data-end=\"2071\">6. Haklar\u0131n\u0131z<\/h2>\n<p data-start=\"2072\" data-end=\"2111\">KVKK kapsam\u0131ndaki haklar\u0131n\u0131z \u015funlard\u0131r:<\/p>\n<ul data-start=\"2113\" data-end=\"2240\">\n<li data-start=\"2113\" data-end=\"2136\">\n<p data-start=\"2115\" data-end=\"2136\">Verilerinize eri\u015fme<\/p>\n<\/li>\n<li data-start=\"2137\" data-end=\"2156\">\n<p data-start=\"2139\" data-end=\"2156\">D\u00fczeltme talebi<\/p>\n<\/li>\n<li data-start=\"2157\" data-end=\"2173\">\n<p data-start=\"2159\" data-end=\"2173\">Silme talebi<\/p>\n<\/li>\n<li data-start=\"2174\" data-end=\"2196\">\n<p data-start=\"2176\" data-end=\"2196\">\u0130\u015flemeyi k\u0131s\u0131tlama<\/p>\n<\/li>\n<li data-start=\"2197\" data-end=\"2213\">\n<p data-start=\"2199\" data-end=\"2213\">\u0130tiraz hakk\u0131<\/p>\n<\/li>\n<li data-start=\"2214\" data-end=\"2240\">\n<p data-start=\"2216\" data-end=\"2240\">A\u00e7\u0131k r\u0131zay\u0131 geri \u00e7ekme<\/p>\n<\/li>\n<\/ul>\n<p data-start=\"2242\" data-end=\"2319\">Bu haklar i\u00e7in bize <span style=\"color: #17579c;\"><b>contact&nbsp;<\/b><\/span>adresinden ula\u015fabilirsiniz.<\/p>\n<h2 data-start=\"2321\" data-end=\"2335\">7. \u0130leti\u015fim<\/h2>\n<p data-start=\"2336\" data-end=\"2451\">X Mind Solutions Yaz\u0131l\u0131m ve Dan\u0131\u015fmanl\u0131k A.\u015e.<br data-start=\"2380\" data-end=\"2383\">Biruni Teknopark \u2013 \u0130stanbul<\/p>\n<hr data-start=\"2453\" data-end=\"2456\">\n<h1 data-start=\"2458\" data-end=\"2506\">\ud83d\udee1\ufe0f <strong data-start=\"2464\" data-end=\"2506\">X Mind Solutions \u2013 Privacy Policy (EN)<\/strong><\/h1>\n<p data-start=\"2508\" data-end=\"2577\"><strong data-start=\"2508\" data-end=\"2525\">Last Updated:<\/strong> November 17, 2025<br data-start=\"2543\" data-end=\"2546\"><strong data-start=\"2546\" data-end=\"2558\">Website:<\/strong> xmindsolutions.com<\/p>\n<p data-start=\"2579\" data-end=\"2842\">X Mind Solutions Software &amp; Consultancy Inc. (\u201c<strong data-start=\"2626\" data-end=\"2646\">X Mind Solutions<\/strong>\u201d, \u201c<strong data-start=\"2650\" data-end=\"2656\">we<\/strong>\u201d, \u201c<strong data-start=\"2660\" data-end=\"2667\">our<\/strong>\u201d) is committed to protecting your personal data. This Privacy Policy explains what information we collect when you visit our website, how we use it, and what rights you have.<\/p>\n<h2 data-start=\"2844\" data-end=\"2872\">1. Information We Collect<\/h2>\n<p data-start=\"2873\" data-end=\"2952\">When you visit our website, certain information may be collected automatically:<\/p>\n<ul data-start=\"2954\" data-end=\"3078\">\n<li data-start=\"2954\" data-end=\"2968\">\n<p data-start=\"2956\" data-end=\"2968\">IP address<\/p>\n<\/li>\n<li data-start=\"2969\" data-end=\"2992\">\n<p data-start=\"2971\" data-end=\"2992\">Browser information<\/p>\n<\/li>\n<li data-start=\"2993\" data-end=\"3030\">\n<p data-start=\"2995\" data-end=\"3030\">Cookies and similar tracking data<\/p>\n<\/li>\n<li data-start=\"3031\" data-end=\"3078\">\n<p data-start=\"3033\" data-end=\"3078\">Pages viewed, traffic data, usage analytics<\/p>\n<\/li>\n<\/ul>\n<p data-start=\"3080\" data-end=\"3132\">If you submit a contact form, we may also collect:<\/p>\n<ul data-start=\"3133\" data-end=\"3196\">\n<li data-start=\"3133\" data-end=\"3141\">\n<p data-start=\"3135\" data-end=\"3141\">Name<\/p>\n<\/li>\n<li data-start=\"3142\" data-end=\"3159\">\n<p data-start=\"3144\" data-end=\"3159\">Email address<\/p>\n<\/li>\n<li data-start=\"3160\" data-end=\"3176\">\n<p data-start=\"3162\" data-end=\"3176\">Phone number<\/p>\n<\/li>\n<li data-start=\"3177\" data-end=\"3196\">\n<p data-start=\"3179\" data-end=\"3196\">Message content<\/p>\n<\/li>\n<\/ul>\n<h2 data-start=\"3198\" data-end=\"3231\">2. How We Use Your Information<\/h2>\n<p data-start=\"3232\" data-end=\"3265\">Your information may be used for:<\/p>\n<ul data-start=\"3267\" data-end=\"3415\">\n<li data-start=\"3267\" data-end=\"3306\">\n<p data-start=\"3269\" data-end=\"3306\">Operating and improving the website<\/p>\n<\/li>\n<li data-start=\"3307\" data-end=\"3339\">\n<p data-start=\"3309\" data-end=\"3339\">Responding to your inquiries<\/p>\n<\/li>\n<li data-start=\"3340\" data-end=\"3376\">\n<p data-start=\"3342\" data-end=\"3376\">Communicating about our services<\/p>\n<\/li>\n<li data-start=\"3377\" data-end=\"3415\">\n<p data-start=\"3379\" data-end=\"3415\">Security, debugging, and analytics<\/p>\n<\/li>\n<\/ul>\n<p data-start=\"3417\" data-end=\"3514\">We <strong data-start=\"3420\" data-end=\"3430\">do not<\/strong> use your data for illegal purposes, unauthorized marketing, or automated profiling.<\/p>\n<h2 data-start=\"3516\" data-end=\"3529\">3. Cookies<\/h2>\n<p data-start=\"3530\" data-end=\"3675\">We may use cookies for analytics, performance tracking, and basic site functionality. You can manage cookie preferences in your browser settings.<\/p>\n<h2 data-start=\"3677\" data-end=\"3698\">4. Sharing of Data<\/h2>\n<p data-start=\"3699\" data-end=\"3762\">Your personal data is <strong data-start=\"3721\" data-end=\"3735\">not shared<\/strong> with third parties except:<\/p>\n<ul data-start=\"3764\" data-end=\"3924\">\n<li data-start=\"3764\" data-end=\"3788\">\n<p data-start=\"3766\" data-end=\"3788\">When required by law<\/p>\n<\/li>\n<li data-start=\"3789\" data-end=\"3924\">\n<p data-start=\"3791\" data-end=\"3924\">With service providers (hosting, analytics, security) who access the data strictly under contract and only for operational purposes<\/p>\n<\/li>\n<\/ul>\n<h2 data-start=\"3926\" data-end=\"3946\">5. Data Retention<\/h2>\n<p data-start=\"3947\" data-end=\"4058\">We store personal data only as long as required by law or necessary for the purpose for which it was collected.<\/p>\n<h2 data-start=\"4060\" data-end=\"4077\">6. Your Rights<\/h2>\n<p data-start=\"4078\" data-end=\"4136\">Depending on your jurisdiction, you may have the right to:<\/p>\n<ul data-start=\"4138\" data-end=\"4263\">\n<li data-start=\"4138\" data-end=\"4158\">\n<p data-start=\"4140\" data-end=\"4158\">Access your data<\/p>\n<\/li>\n<li data-start=\"4159\" data-end=\"4193\">\n<p data-start=\"4161\" data-end=\"4193\">Request correction or deletion<\/p>\n<\/li>\n<li data-start=\"4194\" data-end=\"4217\">\n<p data-start=\"4196\" data-end=\"4217\">Restrict processing<\/p>\n<\/li>\n<li data-start=\"4218\" data-end=\"4242\">\n<p data-start=\"4220\" data-end=\"4242\">Object to processing<\/p>\n<\/li>\n<li data-start=\"4243\" data-end=\"4263\">\n<p data-start=\"4245\" data-end=\"4263\">Withdraw consent<\/p>\n<\/li>\n<\/ul>\n<p data-start=\"4265\" data-end=\"4334\">To exercise your rights, contact us.<\/p>\n<h2 data-start=\"4336\" data-end=\"4349\">7. Contact<\/h2>\n<p data-start=\"4350\" data-end=\"4473\">X Mind Solutions Software &amp; Consultancy Inc.<br data-start=\"4394\" data-end=\"4397\">Biruni Technopark \u2013 Istanbul, T\u00fcrkiye<\/p>\n<p><!-- \/wp:paragraph --><\/p>\t\t\t\t\t\t\t\t<\/div>\n\t\t\t\t<\/div>\n\t\t\t\t\t<\/div>\n\t\t\t\t<\/div>\n\t\t\t\t<\/div>\n\t\t","protected":false},"excerpt":{"rendered":"<p>\ud83d\udee1\ufe0f X Mind Solutions \u2013 Gizlilik Politikas\u0131 Web Sitesi: xmindsolutions.com X Mind Solutions Yaz\u0131l\u0131m ve Dan\u0131\u015fmanl\u0131k A.\u015e. (\u201cX Mind Solutions\u201d, \u201c\u015eirket\u201d, \u201cbiz\u201d) olarak ki\u015fisel verilerinizi korumaya b\u00fcy\u00fck \u00f6nem veriyoruz. Bu Gizlilik Politikas\u0131, web sitemizi ziyaret etti\u011finizde hangi bilgileri toplad\u0131\u011f\u0131m\u0131z\u0131, bunlar\u0131 nas\u0131l kulland\u0131\u011f\u0131m\u0131z\u0131 ve haklar\u0131n\u0131z\u0131 a\u00e7\u0131klamaktad\u0131r. 1. Toplanan Veriler Web sitemizi ziyaret etti\u011finizde a\u015fa\u011f\u0131daki t\u00fcrde s\u0131n\u0131rl\u0131 [&hellip;]<\/p>\n","protected":false},"author":1,"featured_media":0,"parent":0,"menu_order":0,"comment_status":"closed","ping_status":"open","template":"","meta":{"_uag_custom_page_level_css":"","site-sidebar-layout":"default","site-content-layout":"","ast-site-content-layout":"default","site-content-style":"default","site-sidebar-style":"default","ast-global-header-display":"","ast-banner-title-visibility":"","ast-main-header-display":"","ast-hfb-above-header-display":"","ast-hfb-below-header-display":"","ast-hfb-mobile-header-display":"","site-post-title":"","ast-breadcrumbs-content":"","ast-featured-img":"","footer-sml-layout":"","ast-disable-related-posts":"","theme-transparent-header-meta":"","adv-header-id-meta":"","stick-header-meta":"","header-above-stick-meta":"","header-main-stick-meta":"","header-below-stick-meta":"","astra-migrate-meta-layouts":"default","ast-page-background-enabled":"default","ast-page-background-meta":{"desktop":{"background-color":"","background-image":"","background-repeat":"repeat","background-position":"center center","background-size":"auto","background-attachment":"scroll","background-type":"","background-media":"","overlay-type":"","overlay-color":"","overlay-opacity":"","overlay-gradient":""},"tablet":{"background-color":"","background-image":"","background-repeat":"repeat","background-position":"center center","background-size":"auto","background-attachment":"scroll","background-type":"","background-media":"","overlay-type":"","overlay-color":"","overlay-opacity":"","overlay-gradient":""},"mobile":{"background-color":"","background-image":"","background-repeat":"repeat","background-position":"center center","background-size":"auto","background-attachment":"scroll","background-type":"","background-media":"","overlay-type":"","overlay-color":"","overlay-opacity":"","overlay-gradient":""}},"ast-content-background-meta":{"desktop":{"background-color":"var(--ast-global-color-5)","background-image":"","background-repeat":"repeat","background-position":"center center","background-size":"auto","background-attachment":"scroll","background-type":"","background-media":"","overlay-type":"","overlay-color":"","overlay-opacity":"","overlay-gradient":""},"tablet":{"background-color":"var(--ast-global-color-5)","background-image":"","background-repeat":"repeat","background-position":"center center","background-size":"auto","background-attachment":"scroll","background-type":"","background-media":"","overlay-type":"","overlay-color":"","overlay-opacity":"","overlay-gradient":""},"mobile":{"background-color":"var(--ast-global-color-5)","background-image":"","background-repeat":"repeat","background-position":"center center","background-size":"auto","background-attachment":"scroll","background-type":"","background-media":"","overlay-type":"","overlay-color":"","overlay-opacity":"","overlay-gradient":""}},"footnotes":""},"class_list":["post-3","page","type-page","status-publish","hentry"],"uagb_featured_image_src":{"full":false,"thumbnail":false,"medium":false,"medium_large":false,"large":false,"1536x1536":false,"2048x2048":false,"trp-custom-language-flag":false},"uagb_author_info":{"display_name":"admin","author_link":"https:\/\/xmindsolutions.com\/en_us\/author\/admin\/"},"uagb_comment_info":0,"uagb_excerpt":"\ud83d\udee1\ufe0f X Mind Solutions \u2013 Gizlilik Politikas\u0131 Web Sitesi: xmindsolutions.com X Mind Solutions Yaz\u0131l\u0131m ve Dan\u0131\u015fmanl\u0131k A.\u015e. (\u201cX Mind Solutions\u201d, \u201c\u015eirket\u201d, \u201cbiz\u201d) olarak ki\u015fisel verilerinizi korumaya b\u00fcy\u00fck \u00f6nem veriyoruz. Bu Gizlilik Politikas\u0131, web sitemizi ziyaret etti\u011finizde hangi bilgileri toplad\u0131\u011f\u0131m\u0131z\u0131, bunlar\u0131 nas\u0131l kulland\u0131\u011f\u0131m\u0131z\u0131 ve haklar\u0131n\u0131z\u0131 a\u00e7\u0131klamaktad\u0131r. 1. Toplanan Veriler Web sitemizi ziyaret etti\u011finizde a\u015fa\u011f\u0131daki t\u00fcrde s\u0131n\u0131rl\u0131&hellip;","jetpack_sharing_enabled":true,"_links":{"self":[{"href":"https:\/\/xmindsolutions.com\/en_us\/wp-json\/wp\/v2\/pages\/3","targetHints":{"allow":["GET"]}}],"collection":[{"href":"https:\/\/xmindsolutions.com\/en_us\/wp-json\/wp\/v2\/pages"}],"about":[{"href":"https:\/\/xmindsolutions.com\/en_us\/wp-json\/wp\/v2\/types\/page"}],"author":[{"embeddable":true,"href":"https:\/\/xmindsolutions.com\/en_us\/wp-json\/wp\/v2\/users\/1"}],"replies":[{"embeddable":true,"href":"https:\/\/xmindsolutions.com\/en_us\/wp-json\/wp\/v2\/comments?post=3"}],"version-history":[{"count":6,"href":"https:\/\/xmindsolutions.com\/en_us\/wp-json\/wp\/v2\/pages\/3\/revisions"}],"predecessor-version":[{"id":2579,"href":"https:\/\/xmindsolutions.com\/en_us\/wp-json\/wp\/v2\/pages\/3\/revisions\/2579"}],"wp:attachment":[{"href":"https:\/\/xmindsolutions.com\/en_us\/wp-json\/wp\/v2\/media?parent=3"}],"curies":[{"name":"wp","href":"https:\/\/api.w.org\/{rel}","templated":true}]}}